{"id":13,"date":"2025-10-07T14:18:16","date_gmt":"2025-10-07T14:18:16","guid":{"rendered":"https:\/\/control-on.eu\/?page_id=13"},"modified":"2026-02-03T10:16:58","modified_gmt":"2026-02-03T10:16:58","slug":"13-2","status":"publish","type":"page","link":"https:\/\/control-on.eu\/","title":{"rendered":"Home"},"content":{"rendered":"<p>[et_pb_section fb_built=&#8221;1&#8243; admin_label=&#8221;Header&#8221; _builder_version=&#8221;4.27.4&#8243; _module_preset=&#8221;default&#8221; background_color=&#8221;#bfff38&#8243; background_image=&#8221;https:\/\/control-on.eu\/wp-content\/uploads\/2025\/11\/nyitohatter-1.png&#8221; parallax=&#8221;on&#8221; overflow-x=&#8221;hidden&#8221; overflow-y=&#8221;hidden&#8221; custom_padding=&#8221;150px||151px||false|false&#8221; box_shadow_style=&#8221;preset7&#8243; box_shadow_horizontal=&#8221;0px&#8221; box_shadow_vertical=&#8221;-90px&#8221; box_shadow_color=&#8221;#FFFFFF&#8221; collapsed=&#8221;on&#8221; global_colors_info=&#8221;{}&#8221;][\/et_pb_section][et_pb_section fb_built=&#8221;1&#8243; admin_label=&#8221;Features&#8221; _builder_version=&#8221;4.20.0&#8243; _module_preset=&#8221;default&#8221; min_height=&#8221;144px&#8221; custom_padding=&#8221;||7px|||&#8221; collapsed=&#8221;on&#8221; global_colors_info=&#8221;{}&#8221;][et_pb_row _builder_version=&#8221;4.27.4&#8243; _module_preset=&#8221;default&#8221; global_colors_info=&#8221;{}&#8221;][et_pb_column type=&#8221;4_4&#8243; _builder_version=&#8221;4.27.4&#8243; _module_preset=&#8221;default&#8221; global_colors_info=&#8221;{}&#8221;][et_pb_text _builder_version=&#8221;4.27.4&#8243; _module_preset=&#8221;default&#8221; text_font_size=&#8221;34px&#8221; text_line_height=&#8221;1.8em&#8221; global_colors_info=&#8221;{}&#8221;]<\/p>\n<p style=\"text-align: center;\"><strong><span style=\"color: #000000;\">\u00dcdv\u00f6z\u00f6lj\u00fck a Control-ON weboldal\u00e1n!<\/span><\/strong><\/p>\n<p>[\/et_pb_text][\/et_pb_column][\/et_pb_row][\/et_pb_section][et_pb_section fb_built=&#8221;1&#8243; _builder_version=&#8221;4.27.4&#8243; _module_preset=&#8221;default&#8221; background_enable_color=&#8221;off&#8221; background_enable_image=&#8221;off&#8221; parallax=&#8221;on&#8221; custom_padding=&#8221;4px|||||&#8221; box_shadow_style=&#8221;preset6&#8243; global_colors_info=&#8221;{}&#8221;][et_pb_row _builder_version=&#8221;4.27.4&#8243; _module_preset=&#8221;default&#8221; global_colors_info=&#8221;{}&#8221;][et_pb_column type=&#8221;4_4&#8243; _builder_version=&#8221;4.27.4&#8243; _module_preset=&#8221;default&#8221; global_colors_info=&#8221;{}&#8221;][et_pb_text _builder_version=&#8221;4.27.4&#8243; _module_preset=&#8221;default&#8221; text_font_size=&#8221;20px&#8221; text_line_height=&#8221;1.8em&#8221; global_colors_info=&#8221;{}&#8221;]<\/p>\n<ul>\n<li style=\"text-align: justify;\"><span style=\"color: #000000;\">Ha nem tudja <strong>hogyan induljon el<\/strong>, <strong>milyen egy t\u00e1mogat\u00e1s k\u00f6lts\u00e9g \u00e9s \u00fctemterve<\/strong>,<\/span><\/li>\n<li style=\"text-align: justify;\"><span style=\"color: #000000;\">hogyan <strong>k\u00f6vesse nyomon a t\u00e1mogat\u00e1s felhaszn\u00e1l\u00e1s\u00e1t<\/strong>,<\/span><\/li>\n<li style=\"text-align: justify;\"><span style=\"color: #000000;\">mik\u00e9nt <strong>vezessen elk\u00fcl\u00f6n\u00edtett nyilv\u00e1ntart\u00e1st<\/strong>,<\/span><\/li>\n<li style=\"text-align: justify;\"><span style=\"color: #000000;\">mivel <strong>dokument\u00e1lja sz\u00e1mvi<\/strong>t<strong>elileg<\/strong>, mik\u00e9nt <strong>z\u00e1rad\u00e9kolja<\/strong>,<\/span><\/li>\n<li style=\"text-align: justify;\"><span style=\"color: #000000;\">ha lassan el k\u00e9ne sz\u00e1molni, de <strong>m\u00e9g nem ny\u00fajtott be besz\u00e1mol\u00f3t<\/strong>,<\/span><\/li>\n<li style=\"text-align: justify;\"><span style=\"color: #000000;\">vagy ha mindezt csin\u00e1lta m\u00e1r, de <strong>nincs kell\u0151 kapacit\u00e1sa<\/strong>, nem tal\u00e1l tapasztalt kontrollert vagy a hat\u00e1rozott projektid\u0151re nem jelentkezik min\u0151s\u00e9gi munkaer\u0151,<\/span><\/li>\n<li style=\"text-align: justify;\"><span style=\"color: #000000;\">ha belef\u00e1radt abba, hogy a projektjei fel\u00fcgyelet n\u00e9lk\u00fcl haladnak, \u00e9s <strong>nincs beavatkoz\u00e1si lehet\u0151s\u00e9ge, mert nem kap inform\u00e1ci\u00f3t id\u0151ben<\/strong>,<\/span><\/li>\n<li style=\"text-align: justify;\"><span style=\"color: #000000;\">ha szeretn\u00e9 az \u00d6n \u00e1ltal fontosnak \u00edt\u00e9lt inform\u00e1ci\u00f3kat, adatokat, mutat\u00f3kat mindig ugyanott l\u00e1tni a kimutat\u00e1sokban, hogy <strong>ne kelljen keresg\u00e9lni a sok adat k\u00f6z\u00f6tt<\/strong>,<\/span><\/li>\n<li style=\"text-align: justify;\"><span style=\"color: #000000;\">ha szeretn\u00e9, hogy mindig <strong>naprak\u00e9sz legyen a fontos projektjei \u00e1llapot\u00e1t illet\u0151en<\/strong>,<\/span><\/li>\n<li style=\"text-align: justify;\"><span style=\"color: #000000;\">ha szeretn\u00e9 <strong>a projektjei fel\u00fcgyelet\u00e9t egy profi, megb\u00edzhat\u00f3 csapat kez\u00e9ben tudn<\/strong>i,<\/span><\/li>\n<li style=\"text-align: justify;\"><span style=\"color: #000000;\">ha szeretne <strong>k\u00f6lts\u00e9ghat\u00e9konyan gondoskodni a fentiekr\u0151l<\/strong>\u2026<\/span><\/li>\n<\/ul>\n<p style=\"text-align: justify;\"><span style=\"color: #000000;\"><strong>\u2026akkor \u00e9rdemes hozz\u00e1nk fordulnia.<\/strong><\/span><\/p>\n<p>[\/et_pb_text][\/et_pb_column][\/et_pb_row][et_pb_row column_structure=&#8221;1_4,3_4&#8243; _builder_version=&#8221;4.27.4&#8243; _module_preset=&#8221;default&#8221; background_color=&#8221;#4a7515&#8243; global_colors_info=&#8221;{}&#8221;][et_pb_column type=&#8221;1_4&#8243; _builder_version=&#8221;4.27.4&#8243; _module_preset=&#8221;default&#8221; global_colors_info=&#8221;{}&#8221;][et_pb_text _builder_version=&#8221;4.27.4&#8243; _module_preset=&#8221;default&#8221; text_font_size=&#8221;49px&#8221; text_line_height=&#8221;1.8em&#8221; custom_margin=&#8221;|-3px||||&#8221; custom_padding=&#8221;|0px||23px||&#8221; global_colors_info=&#8221;{}&#8221;]<\/p>\n<p style=\"text-align: center;\"><span style=\"color: #ffffff;\"><strong>!<\/strong><\/span><\/p>\n<p>[\/et_pb_text][\/et_pb_column][et_pb_column type=&#8221;3_4&#8243; _builder_version=&#8221;4.27.4&#8243; _module_preset=&#8221;default&#8221; global_colors_info=&#8221;{}&#8221;][et_pb_text _builder_version=&#8221;4.27.4&#8243; _module_preset=&#8221;default&#8221; text_font_size=&#8221;22px&#8221; text_line_height=&#8221;1.8em&#8221; custom_padding=&#8221;|||0px||&#8221; global_colors_info=&#8221;{}&#8221;]<\/p>\n<p style=\"text-align: center;\"><span style=\"color: #ffffff;\"><strong>Szolg\u00e1ltat\u00e1sunk a t\u00e1mogat\u00e1s keret\u00e9ben elsz\u00e1molhat\u00f3 k\u00f6lts\u00e9g, \u00edgy ig\u00e9nybev\u00e9tele nem r\u00f3 saj\u00e1t\u00a0 anyagi terhet a partnerre<\/strong>.<\/span><\/p>\n<p>[\/et_pb_text][\/et_pb_column][\/et_pb_row][et_pb_row _builder_version=&#8221;4.27.4&#8243; _module_preset=&#8221;default&#8221; global_colors_info=&#8221;{}&#8221;][et_pb_column type=&#8221;4_4&#8243; _builder_version=&#8221;4.27.4&#8243; _module_preset=&#8221;default&#8221; global_colors_info=&#8221;{}&#8221;][et_pb_text _builder_version=&#8221;4.27.4&#8243; _module_preset=&#8221;default&#8221; text_font_size=&#8221;20px&#8221; text_line_height=&#8221;1.8em&#8221; global_colors_info=&#8221;{}&#8221;]<\/p>\n<p style=\"text-align: justify;\"><span style=\"color: #000000;\">Mi felm\u00e9rj\u00fck a feladatot, a c\u00e9g projektkontrolling szervezet\u00e9t \u00e9s folyamatait.<\/span><\/p>\n<p style=\"text-align: justify;\"><span style=\"color: #000000;\"><strong>Ig\u00e9ny szerint<\/strong><\/span><\/p>\n<ul style=\"text-align: justify;\">\n<li><span style=\"color: #000000;\"><strong>javaslatot tesz\u00fcnk a szervezeti fel\u00e9p\u00edt\u00e9sre, a csapat \u00f6sszet\u00e9tel\u00e9re, a folyamatokra<\/strong><\/span><\/li>\n<li><span style=\"color: #000000;\"><strong>k\u00e9pezz\u00fck, fejlesztj\u00fck a kontrollereket<\/strong><\/span><\/li>\n<li><span style=\"color: #000000;\"><strong>tan\u00e1csad\u00e1ssal t\u00e1mogatjuk a projekt p\u00e9nz\u00fcgyi megval\u00f3s\u00edt\u00e1s\u00e1t<\/strong><\/span><\/li>\n<li><span style=\"color: #000000;\"><strong>vagy ak\u00e1r \u00e1tv\u00e1llaljuk a teljes feladatot.<\/strong><\/span><\/li>\n<\/ul>\n<p style=\"text-align: justify;\"><span style=\"color: #000000;\">Kontrolling tapasztalatunkat, sz\u00e1mviteli ismeret\u00fcnket, \u00e1llamh\u00e1ztart\u00e1si \u00e9s EU-s t\u00e1mogat\u00e1si gyakorlatunkat, coach technik\u00e1nkat \u00e9s IT eszk\u00f6zt\u00e1runkat az \u00d6n\u00f6k szolg\u00e1lat\u00e1ba \u00e1ll\u00edtjuk!<\/span><\/p>\n<p style=\"text-align: center;\"><span style=\"color: #000000;\"><strong>Ami az \u00d6n c\u00e9g\u00e9nek most kih\u00edv\u00e1st jelent\u0151 feladat, az n\u00e1lunk m\u00e1r j\u00f3lszervezett rutin.<\/strong><\/span><\/p>\n<p style=\"text-align: center;\"><span style=\"color: #000000;\">Takar\u00edtson meg k\u00f6lts\u00e9get, d\u00f6nts\u00f6n a projektek j\u00f6v\u0151j\u00e9r\u0151l az adatok alapj\u00e1n, aludjon nyugodtan!<\/span><\/p>\n<p>[\/et_pb_text][\/et_pb_column][\/et_pb_row][et_pb_row _builder_version=&#8221;4.27.4&#8243; _module_preset=&#8221;default&#8221; global_colors_info=&#8221;{}&#8221;][et_pb_column type=&#8221;4_4&#8243; _builder_version=&#8221;4.27.4&#8243; _module_preset=&#8221;default&#8221; global_colors_info=&#8221;{}&#8221;][et_pb_text _builder_version=&#8221;4.27.4&#8243; _module_preset=&#8221;default&#8221; text_font_size=&#8221;20px&#8221; text_line_height=&#8221;1.8em&#8221; global_colors_info=&#8221;{}&#8221;]<\/p>\n<p style=\"text-align: center;\"><span style=\"color: #000000;\"><strong>Adja a projektkontrolling feladatokat a<\/strong><\/span><\/p>\n<p>[\/et_pb_text][\/et_pb_column][\/et_pb_row][et_pb_row column_structure=&#8221;1_3,1_3,1_3&#8243; _builder_version=&#8221;4.27.4&#8243; _module_preset=&#8221;default&#8221; global_colors_info=&#8221;{}&#8221;][et_pb_column type=&#8221;1_3&#8243; _builder_version=&#8221;4.27.4&#8243; _module_preset=&#8221;default&#8221; global_colors_info=&#8221;{}&#8221;][\/et_pb_column][et_pb_column type=&#8221;1_3&#8243; _builder_version=&#8221;4.27.4&#8243; _module_preset=&#8221;default&#8221; global_colors_info=&#8221;{}&#8221;][et_pb_image src=&#8221;https:\/\/control-on.eu\/wp-content\/uploads\/2025\/12\/alap-logo-fooldalon-szoveghez.jpg&#8221; title_text=&#8221;alap log\u0151 f\u00f6oldalon sz\u00f6veghez&#8221; _builder_version=&#8221;4.27.4&#8243; _module_preset=&#8221;default&#8221; global_colors_info=&#8221;{}&#8221;][\/et_pb_image][\/et_pb_column][et_pb_column type=&#8221;1_3&#8243; _builder_version=&#8221;4.27.4&#8243; _module_preset=&#8221;default&#8221; global_colors_info=&#8221;{}&#8221;][\/et_pb_column][\/et_pb_row][et_pb_row _builder_version=&#8221;4.27.4&#8243; _module_preset=&#8221;default&#8221; global_colors_info=&#8221;{}&#8221;][et_pb_column type=&#8221;4_4&#8243; _builder_version=&#8221;4.27.4&#8243; _module_preset=&#8221;default&#8221; global_colors_info=&#8221;{}&#8221;][et_pb_text _builder_version=&#8221;4.27.4&#8243; _module_preset=&#8221;default&#8221; text_font_size=&#8221;20px&#8221; text_line_height=&#8221;1.8em&#8221; global_colors_info=&#8221;{}&#8221;]<\/p>\n<p style=\"text-align: center;\"><span style=\"color: #000000;\"><strong>munkat\u00e1rsai kez\u00e9be!<\/strong><\/span><\/p>\n<p>[\/et_pb_text][\/et_pb_column][\/et_pb_row][et_pb_row column_structure=&#8221;1_2,1_2&#8243; _builder_version=&#8221;4.27.4&#8243; _module_preset=&#8221;default&#8221; global_colors_info=&#8221;{}&#8221;][et_pb_column type=&#8221;1_2&#8243; _builder_version=&#8221;4.27.4&#8243; _module_preset=&#8221;default&#8221; global_colors_info=&#8221;{}&#8221;][et_pb_text _builder_version=&#8221;4.27.4&#8243; _module_preset=&#8221;default&#8221; text_font_size=&#8221;20px&#8221; text_line_height=&#8221;1.8em&#8221; global_colors_info=&#8221;{}&#8221;]<\/p>\n<p style=\"text-align: center;\"><span style=\"color: #000000;\">Tel.: +36 (30) 760 4640<\/span><\/p>\n<p>[\/et_pb_text][\/et_pb_column][et_pb_column type=&#8221;1_2&#8243; _builder_version=&#8221;4.27.4&#8243; _module_preset=&#8221;default&#8221; global_colors_info=&#8221;{}&#8221;][et_pb_text _builder_version=&#8221;4.27.4&#8243; _module_preset=&#8221;default&#8221; text_font_size=&#8221;20px&#8221; text_line_height=&#8221;1.8em&#8221; global_colors_info=&#8221;{}&#8221;]<\/p>\n<p style=\"text-align: center;\"><span style=\"color: #000000;\">E-mail: info@control-on.hu<\/span><\/p>\n<p>[\/et_pb_text][\/et_pb_column][\/et_pb_row][et_pb_row _builder_version=&#8221;4.27.4&#8243; _module_preset=&#8221;default&#8221; global_colors_info=&#8221;{}&#8221;][et_pb_column type=&#8221;4_4&#8243; _builder_version=&#8221;4.27.4&#8243; _module_preset=&#8221;default&#8221; global_colors_info=&#8221;{}&#8221;][et_pb_tabs active_tab_background_color=&#8221;#4a7515&#8243; inactive_tab_background_color=&#8221;#C2C2C2&#8243; _builder_version=&#8221;4.27.4&#8243; _module_preset=&#8221;default&#8221; tab_text_color=&#8221;#FFFFFF&#8221; tab_font_size=&#8221;23px&#8221; background_enable_color=&#8221;off&#8221; global_colors_info=&#8221;{}&#8221;][et_pb_tab title=&#8221;Tan\u00e1csad\u00e1s&#8221; _builder_version=&#8221;4.27.4&#8243; _module_preset=&#8221;default&#8221; body_font_size=&#8221;20px&#8221; body_line_height=&#8221;1.8em&#8221; background_color=&#8221;#4a7515&#8243; background_enable_color=&#8221;on&#8221; global_colors_info=&#8221;{}&#8221;]<\/p>\n<p style=\"text-align: justify;\"><span style=\"color: #ffffff;\">C\u00e9g\u00fcnk a Sz\u00e9chenyi Program (2020, Terv Plusz) valamint m\u00e1s hazai \u00e9s uni\u00f3s t\u00e1mogat\u00e1sok p\u00e9nz\u00fcgyi \u00e9s adminisztrat\u00edv menedzsmentj\u00e9ben ny\u00fajt szak\u00e9rt\u0151 seg\u00edts\u00e9get. T\u00e1mogat\u00e1s-kontrolling \u00e9s p\u00e1ly\u00e1zati tan\u00e1csad\u00e1si szolg\u00e1ltat\u00e1sainkkal biztos\u00edtjuk, hogy projektjei \u00e1tl\u00e1that\u00f3an, szab\u00e1lyszer\u0171en \u00e9s p\u00e9nz\u00fcgyileg megalapozottan val\u00f3suljanak meg \u2014 elker\u00fclve a hib\u00e1kat, k\u00e9sedelmeket \u00e9s a visszafizet\u00e9si kock\u00e1zatokat.<\/span><\/p>\n<p style=\"text-align: justify;\"><span style=\"color: #ffffff;\">T\u00e1mogatjuk ak\u00e1r a p\u00e1ly\u00e1zati el\u0151k\u00e9sz\u00edt\u00e9st, a megval\u00f3s\u00edt\u00e1s folyamat\u00e1t, vagy az elsz\u00e1mol\u00e1st; ha kell felm\u00e9rj\u00fck a bels\u0151 folyamatokat, felt\u00e1rjuk a hi\u00e1nyoss\u00e1gokat, \u00e9s fejleszt\u00e9si javaslatokat tesz\u00fcnk.<\/span><\/p>\n<p style=\"text-align: justify;\"><span style=\"color: #ffffff;\"> <span style=\"text-decoration: underline;\"><a href=\"https:\/\/control-on.eu\/index.php\/120-2\/\" style=\"color: #ffffff; text-decoration: underline;\">R\u00e9szletek<\/a>\u00a0<\/span><\/span><\/p>\n<p style=\"text-align: justify;\"><span style=\"color: #ffffff;\"><\/span><\/p>\n<p>[\/et_pb_tab][et_pb_tab title=&#8221;Projektkontrolling&#8221; _builder_version=&#8221;4.27.4&#8243; _module_preset=&#8221;default&#8221; body_font_size=&#8221;20px&#8221; body_line_height=&#8221;1.8em&#8221; background_color=&#8221;#4a7515&#8243; background_enable_color=&#8221;on&#8221; global_colors_info=&#8221;{}&#8221;]<\/p>\n<p style=\"text-align: justify;\"><span style=\"color: #ffffff;\">Projektkontrolling szolg\u00e1ltat\u00e1sunk teljes k\u00f6r\u0171 szakmai fel\u00fcgyeletet biztos\u00edt a t\u00e1mogatott projektek p\u00e9nz\u00fcgyi \u00e9s adminisztrat\u00edv folyamatai felett. Seg\u00edt\u00fcnk a k\u00f6lts\u00e9gtervek \u00f6ssze\u00e1ll\u00edt\u00e1s\u00e1ban, a projektek el\u0151rehalad\u00e1s\u00e1nak \u00e9s kiad\u00e1sainak rendszeres nyomon k\u00f6vet\u00e9s\u00e9ben, valamint a t\u00e1mogat\u00e1si elsz\u00e1mol\u00e1sok elk\u00e9sz\u00edt\u00e9s\u00e9ben. A szab\u00e1lyszer\u0171 m\u0171k\u00f6d\u00e9s biztos\u00edt\u00e1s\u00e1val jelent\u0151sen cs\u00f6kkentj\u00fck a visszafizet\u00e9si kock\u00e1zatokat, \u00edgy n\u00f6velve a projekt siker\u00e9t.<\/span><\/p>\n<p style=\"text-align: justify;\"><span style=\"color: #ffffff;\">A szolg\u00e1ltat\u00e1s a t\u00e1mogat\u00e1s terh\u00e9re elsz\u00e1molhat\u00f3, \u00edgy plusz k\u00f6lts\u00e9get nem jelent partnereinknek.<\/span><\/p>\n<p style=\"text-align: justify;\"><span style=\"text-decoration: underline; color: #ffffff;\"><a href=\"https:\/\/control-on.eu\/index.php\/151-2\/\" style=\"color: #ffffff; text-decoration: underline;\">R\u00e9szletek<\/a><\/span><\/p>\n<p>[\/et_pb_tab][et_pb_tab title=&#8221;Oktat\u00e1s \u00e9s tr\u00e9ning&#8221; _builder_version=&#8221;4.27.4&#8243; _module_preset=&#8221;default&#8221; body_font_size=&#8221;20px&#8221; body_line_height=&#8221;1.8em&#8221; tab_font_size=&#8221;23px&#8221; background_color=&#8221;#4a7515&#8243; background_enable_color=&#8221;on&#8221; global_colors_info=&#8221;{}&#8221;]<\/p>\n<p style=\"text-align: justify;\"><span style=\"color: #000000;\"><span style=\"color: #ffffff;\">Oktat\u00e1si \u00e9s tr\u00e9ningprogramjaink gyakorlati tud\u00e1st adnak a t\u00e1mogat\u00e1si projektek p\u00e9nz\u00fcgyi \u00e9s adminisztrat\u00edv kezel\u00e9s\u00e9hez. Rugalmas form\u00e1ban (szem\u00e9lyes, online, hibrid) seg\u00edt\u00fcnk elsaj\u00e1t\u00edtani a k\u00f6lts\u00e9gtervez\u00e9s, elsz\u00e1mol\u00e1s \u00e9s projektkontrolling legfontosabb feladatait. K\u00e9pz\u00e9seink kezd\u0151knek \u00e9s halad\u00f3knak egyar\u00e1nt sz\u00f3lnak; tan\u00fas\u00edtv\u00e1nyt ad\u00f3 programunk fejleszt\u00e9s alatt \u00e1ll.<\/span>\u00a0\u00a0<\/span><\/p>\n<p><span style=\"color: #000000;\"><a href=\"https:\/\/control-on.eu\/index.php\/oktatas-es-trening\/\"><span style=\"text-decoration: underline;\"><span style=\"color: #ffffff; text-decoration: underline;\">R\u00e9szletek<\/span><\/span><\/a><\/span><\/p>\n<p>[\/et_pb_tab][et_pb_tab title=&#8221;R\u00f3lunk&#8221; _builder_version=&#8221;4.27.4&#8243; _module_preset=&#8221;default&#8221; body_font_size=&#8221;20px&#8221; body_line_height=&#8221;1.8em&#8221; background_color=&#8221;#4a7515&#8243; background_enable_color=&#8221;on&#8221; global_colors_info=&#8221;{}&#8221;]<\/p>\n<p style=\"text-align: justify;\"><span style=\"color: #ffffff;\">T\u00f6bb \u00e9vtizedes tapasztalatra \u00e9p\u00edtve teljes k\u00f6r\u0171 projektkontrolling t\u00e1mogat\u00e1st ny\u00fajtunk a t\u00e1mogatott projektek p\u00e9nz\u00fcgyi k\u00f6vet\u00e9s\u00e9hez, leh\u00edv\u00e1s\u00e1hoz \u00e9s elsz\u00e1mol\u00e1s\u00e1hoz. \u00c1tvessz\u00fck a bonyolult adminisztrat\u00edv \u00e9s p\u00e9nz\u00fcgyi feladatokat, kialak\u00edtjuk vagy fejlesztj\u00fck a kontrolling folyamatokat, sz\u00fcks\u00e9g eset\u00e9n oktatjuk a koll\u00e9g\u00e1kat, ig\u00e9ny szerint \u00e1tvessz\u00fck a feladatok egy r\u00e9sz\u00e9t vagy ak\u00e1r teljesen \u00e1tv\u00e1llaljuk a projektkontrollingot.<\/span><\/p>\n<p style=\"text-align: justify;\"><span style=\"color: #ffffff;\">Ami c\u00e9ge sz\u00e1m\u00e1ra teher \u00e9s kock\u00e1zat, n\u00e1lunk szervezett rutin \u2014 \u00edgy \u00d6n megb\u00edzhat\u00f3 adatokra t\u00e1maszkodva d\u00f6nthet, id\u0151t \u00e9s k\u00f6lts\u00e9get takar\u00edthat meg.\u00a0\u00a0<\/span><\/p>\n<p style=\"text-align: justify;\"><span style=\"text-decoration: underline; color: #ffffff;\"><a href=\"https:\/\/control-on.eu\/index.php\/44-2\/\" style=\"color: #ffffff; text-decoration: underline;\">R\u00e9szletek<\/a><\/span><\/p>\n<p>[\/et_pb_tab][et_pb_tab title=&#8221;Kapcsolat&#8221; _builder_version=&#8221;4.27.4&#8243; _module_preset=&#8221;default&#8221; body_font_size=&#8221;20px&#8221; body_line_height=&#8221;1.8em&#8221; background_color=&#8221;#4a7515&#8243; background_enable_color=&#8221;on&#8221; global_colors_info=&#8221;{}&#8221;]<\/p>\n<p><span style=\"color: #ffffff;\">Tel.: +36 (30) 760 4640 <\/span><\/p>\n<p><span style=\"color: #ffffff;\">E-mail: info@control-on.hu<\/span><\/p>\n<p>[\/et_pb_tab][\/et_pb_tabs][\/et_pb_column][\/et_pb_row][et_pb_row column_structure=&#8221;1_2,1_2&#8243; _builder_version=&#8221;4.27.4&#8243; _module_preset=&#8221;default&#8221; background_color=&#8221;#4a7515&#8243; background_enable_image=&#8221;off&#8221; parallax=&#8221;on&#8221; global_colors_info=&#8221;{}&#8221;][et_pb_column type=&#8221;1_2&#8243; _builder_version=&#8221;4.27.4&#8243; _module_preset=&#8221;default&#8221; global_colors_info=&#8221;{}&#8221;][et_pb_text _builder_version=&#8221;4.27.4&#8243; _module_preset=&#8221;default&#8221; text_font=&#8221;Alegreya Sans SC||||||||&#8221; width=&#8221;88.5%&#8221; custom_margin=&#8221;|27px||||&#8221; custom_padding=&#8221;||96px|40px||&#8221; global_colors_info=&#8221;{}&#8221;]<\/p>\n<h2 style=\"text-align: justify;\"><span style=\"color: #ffffff;\">Vegye fel vel\u00fcnk a kapcsolatot!<\/span><\/h2>\n<p>[\/et_pb_text][\/et_pb_column][et_pb_column type=&#8221;1_2&#8243; _builder_version=&#8221;4.27.4&#8243; _module_preset=&#8221;default&#8221; global_colors_info=&#8221;{}&#8221;][et_pb_text _builder_version=&#8221;4.27.4&#8243; _module_preset=&#8221;default&#8221; text_font_size=&#8221;23px&#8221; custom_padding=&#8221;|25px||42px||&#8221; hover_enabled=&#8221;0&#8243; global_colors_info=&#8221;{}&#8221; sticky_enabled=&#8221;0&#8243;]<\/p>\n<p><span style=\"color: #ffffff;\"><strong>Control-ON Consulting Kft.<\/strong><\/span><\/p>\n<p><span style=\"color: #ffffff;\"><strong>E-mail: <a href=\"mailto:info@control-on.eu\" style=\"color: #ffffff;\">info@control-on.hu<\/a><\/strong><\/span><\/p>\n<p><span style=\"color: #ffffff;\"><strong>Tel.: +36 30 760 4640<\/strong><\/span><\/p>\n<p><a href=\"https:\/\/linkedin.com\/company\/control-on-consulting-kft\/\">Linkedin-en is megtal\u00e1l minket<\/a><\/p>\n<p>&nbsp;<\/p>\n<p>[\/et_pb_text][\/et_pb_column][\/et_pb_row][\/et_pb_section][et_pb_section fb_built=&#8221;1&#8243; admin_label=&#8221;Services&#8221; _builder_version=&#8221;4.27.4&#8243; _module_preset=&#8221;default&#8221; background_color=&#8221;RGBA(255,255,255,0)&#8221; collapsed=&#8221;on&#8221; global_colors_info=&#8221;{}&#8221;][et_pb_row _builder_version=&#8221;4.27.4&#8243; _module_preset=&#8221;default&#8221; global_colors_info=&#8221;{}&#8221;][et_pb_column type=&#8221;4_4&#8243; _builder_version=&#8221;4.27.4&#8243; _module_preset=&#8221;default&#8221; global_colors_info=&#8221;{}&#8221;][et_pb_text _builder_version=&#8221;4.27.4&#8243; _module_preset=&#8221;default&#8221; global_colors_info=&#8221;{}&#8221;]<\/p>\n<p><span style=\"color: #000000;\"><strong>Control-ON Consulting Kft. (sz\u00e9khely: 1035 Budapest, Rakt\u00e1r utca 21. V\/13.) c\u00e9gjegyz\u00e9ksz\u00e1m: 01-09-448847<\/strong><\/span><\/p>\n<p>[\/et_pb_text][\/et_pb_column][\/et_pb_row][\/et_pb_section]<\/p>\n","protected":false},"excerpt":{"rendered":"<p>\u00dcdv\u00f6z\u00f6lj\u00fck a Control-ON weboldal\u00e1n! Ha nem tudja hogyan induljon el, milyen egy t\u00e1mogat\u00e1s k\u00f6lts\u00e9g \u00e9s \u00fctemterve, hogyan k\u00f6vesse nyomon a t\u00e1mogat\u00e1s felhaszn\u00e1l\u00e1s\u00e1t, mik\u00e9nt vezessen elk\u00fcl\u00f6n\u00edtett nyilv\u00e1ntart\u00e1st, mivel dokument\u00e1lja sz\u00e1mvitelileg, mik\u00e9nt z\u00e1rad\u00e9kolja, ha lassan el k\u00e9ne sz\u00e1molni, de m\u00e9g nem ny\u00fajtott be besz\u00e1mol\u00f3t, vagy ha mindezt csin\u00e1lta m\u00e1r, de nincs kell\u0151 kapacit\u00e1sa, nem tal\u00e1l tapasztalt kontrollert [&hellip;]<\/p>\n","protected":false},"author":1,"featured_media":0,"parent":0,"menu_order":0,"comment_status":"closed","ping_status":"closed","template":"","meta":{"_et_pb_use_builder":"on","_et_pb_old_content":"","_et_gb_content_width":"","footnotes":""},"class_list":["post-13","page","type-page","status-publish","hentry"],"_links":{"self":[{"href":"https:\/\/control-on.eu\/index.php\/wp-json\/wp\/v2\/pages\/13","targetHints":{"allow":["GET"]}}],"collection":[{"href":"https:\/\/control-on.eu\/index.php\/wp-json\/wp\/v2\/pages"}],"about":[{"href":"https:\/\/control-on.eu\/index.php\/wp-json\/wp\/v2\/types\/page"}],"author":[{"embeddable":true,"href":"https:\/\/control-on.eu\/index.php\/wp-json\/wp\/v2\/users\/1"}],"replies":[{"embeddable":true,"href":"https:\/\/control-on.eu\/index.php\/wp-json\/wp\/v2\/comments?post=13"}],"version-history":[{"count":110,"href":"https:\/\/control-on.eu\/index.php\/wp-json\/wp\/v2\/pages\/13\/revisions"}],"predecessor-version":[{"id":397,"href":"https:\/\/control-on.eu\/index.php\/wp-json\/wp\/v2\/pages\/13\/revisions\/397"}],"wp:attachment":[{"href":"https:\/\/control-on.eu\/index.php\/wp-json\/wp\/v2\/media?parent=13"}],"curies":[{"name":"wp","href":"https:\/\/api.w.org\/{rel}","templated":true}]}}